{"id":985,"date":"2019-05-06T21:57:41","date_gmt":"2019-05-06T21:57:41","guid":{"rendered":"http:\/\/http:\/\/monteamador.com\/open-projects\/riding-school\/?page_id=985"},"modified":"2026-04-12T16:23:08","modified_gmt":"2026-04-12T16:23:08","slug":"tarieven","status":"publish","type":"page","link":"https:\/\/stadsrijschool.com\/WP\/tarieven\/","title":{"rendered":"<span>Tarieven<\/span>"},"content":{"rendered":"<p><span style=\"font-size: revert; color: initial;\">Een kwartaal bestaat 13 lessen. Je betaalt er hiervan 12, je krijgt er dus 1 gratis. Lessen moeten minimaal 24 uur van te voren worden afgezegd (liefst via email: <\/span><a style=\"font-size: revert;\" href=\"mailto:info@stadsrijschool.nl\">info@stadsrijschool.nl<\/a><span style=\"font-size: revert; color: initial;\">), dan kun je ze inhalen. Deze lessen dienen in hetzelfde kwartaal worden ingehaald, of in het nieuwe kwartaal, mits dit betaald is. Dit kan in een andere les of door een uur vrij-rijden.<\/span><\/p>\n<p>Het is (in principe) niet de bedoeling dat er alleen priv\u00e9lessen gereden worden. De leercurve voor je als ruiter is weinig effici\u00ebnt omdat je niet \u201cvoldoende kilometers maakt\u201d om het geleerde in de praktijk te brengen. Voor mensen die dit toch heel graag willen is er een priv\u00e9-kwartaalabonnement.<\/p>\n<p>Wil je naast je kwartaalabonnement waar je groepslessen van kunt rijden en vrij kunt rijden, ook nog priv\u00e9-les nemen om je leercurve te versnellen, dan kan dit door een losse priv\u00e9-les of een 10-rittenkaart priv\u00e9-lessen. Deze is gunstig geprijsd en is 4 maanden geldig.<\/p>\n<p><b><i>De kwartalen lopen volgens de volgende indeling: <\/i><\/b><\/p>\n<ul>\n<li>februari, maart en april<\/li>\n<li>mei, juni en juli<\/li>\n<li>augustus, september en oktober<\/li>\n<li>november, december en januari<\/li>\n<\/ul>\n<blockquote><p><span style=\"text-decoration: underline;\"><span style=\"color: #800000; text-decoration: underline;\"><strong>Instromen in een kwartaal is op elk moment mogelijk, je hoeft dus niet te wachten tot het begin van een nieuw kwartaal!<\/strong><\/span><\/span><\/p><\/blockquote>\n<p>Omdat de kinderen in de zomermaanden vaak meerdere weken weg zijn en hierdoor best een aantal inhaallessen hebben, hebben we de splitsing van de kwartalen in het midden van deze vakantie gelegd. Zo zijn de inhaallessen (ontstaan door de zomervakantie) verdeeld over twee kwartalen en kunnen deze zonder problemen (ook v\u00f3\u00f3r je vertrek!) ingehaald worden. Je weet immers van te voren wanneer en hoeveel weken je weg bent in de zomer. Lessen in de zomermaanden gaan gewoon door. De jeugd kan dus ook gewoon doorrijden.<\/p>\n<p>Wil je je abonnement stopzetten, dan dien je dit een maand voor aanvang van het nieuwe kwartaal aan te geven.<\/p>\n<p><b><i>Voor de fanatieke ruiters\u2026!!!!<br \/>\nEen tweede les in de week wordt ruimschoots voordeliger. Dus wil je graag wat fanatieker rijden, dat kan nu voor minder geld!<\/i><\/b><\/p>\n<p><b><i>Een 2e les in de week kost je per kwartaal maar:<br \/>\n<\/i><\/b><b><i>\u2022 volwassenen: \u20ac 282,- per kwartaal (dit is omgerekend \u20ac 23,50 per les)<br \/>\n\u2022 jeugd: \u20ac 270,- per kwartaal (dit is omgerekend \u20ac 22,50 per les)<\/i><\/b><\/p>\n<h3>De prijzen voor de abonnementen zijn:<\/h3>\n<p><!--more--><img loading=\"lazy\" decoding=\"async\" class=\"alignnone wp-image-15753 size-large\" src=\"https:\/\/stadsrijschool.com\/WP\/wp-content\/uploads\/2026\/04\/Tarief_nl--960x504.png\" alt=\"\" width=\"960\" height=\"504\" srcset=\"https:\/\/stadsrijschool.com\/WP\/wp-content\/uploads\/2026\/04\/Tarief_nl--960x504.png 960w, https:\/\/stadsrijschool.com\/WP\/wp-content\/uploads\/2026\/04\/Tarief_nl--620x326.png 620w, https:\/\/stadsrijschool.com\/WP\/wp-content\/uploads\/2026\/04\/Tarief_nl--768x403.png 768w, https:\/\/stadsrijschool.com\/WP\/wp-content\/uploads\/2026\/04\/Tarief_nl--1536x807.png 1536w, https:\/\/stadsrijschool.com\/WP\/wp-content\/uploads\/2026\/04\/Tarief_nl-.png 1855w\" sizes=\"auto, (max-width: 960px) 100vw, 960px\" \/><\/p>\n","protected":false},"excerpt":{"rendered":"<p>Een kwartaal bestaat 13 lessen. Je betaalt er hiervan 12, je krijgt er dus 1 gratis. Lessen moeten minimaal 24 uur van te voren worden afgezegd (liefst via email: info@stadsrijschool.nl), dan kun je ze inhalen. Deze lessen dienen in hetzelfde kwartaal worden ingehaald, of in het nieuwe kwartaal, mits dit betaald is. Dit kan in [&hellip;]<\/p>\n","protected":false},"author":4,"featured_media":0,"parent":0,"menu_order":0,"comment_status":"closed","ping_status":"closed","template":"","meta":{"footnotes":""},"class_list":["post-985","page","type-page","status-publish","hentry"],"_links":{"self":[{"href":"https:\/\/stadsrijschool.com\/WP\/wp-json\/wp\/v2\/pages\/985","targetHints":{"allow":["GET"]}}],"collection":[{"href":"https:\/\/stadsrijschool.com\/WP\/wp-json\/wp\/v2\/pages"}],"about":[{"href":"https:\/\/stadsrijschool.com\/WP\/wp-json\/wp\/v2\/types\/page"}],"author":[{"embeddable":true,"href":"https:\/\/stadsrijschool.com\/WP\/wp-json\/wp\/v2\/users\/4"}],"replies":[{"embeddable":true,"href":"https:\/\/stadsrijschool.com\/WP\/wp-json\/wp\/v2\/comments?post=985"}],"version-history":[{"count":10,"href":"https:\/\/stadsrijschool.com\/WP\/wp-json\/wp\/v2\/pages\/985\/revisions"}],"predecessor-version":[{"id":15783,"href":"https:\/\/stadsrijschool.com\/WP\/wp-json\/wp\/v2\/pages\/985\/revisions\/15783"}],"wp:attachment":[{"href":"https:\/\/stadsrijschool.com\/WP\/wp-json\/wp\/v2\/media?parent=985"}],"curies":[{"name":"wp","href":"https:\/\/api.w.org\/{rel}","templated":true}]}}